{"id":1511,"date":"2017-06-07T10:33:12","date_gmt":"2017-06-07T16:33:12","guid":{"rendered":"http:\/\/www.ijlt.edu.mx\/portal\/?page_id=1511"},"modified":"2017-12-06T20:24:36","modified_gmt":"2017-12-07T02:24:36","slug":"admision","status":"publish","type":"page","link":"https:\/\/www.ijlt.edu.mx\/portal\/admision\/","title":{"rendered":"Proceso de Admisi\u00f3n"},"content":{"rendered":"<p>[vc_row][vc_column][vc_tta_tabs][vc_tta_section i_icon_fontawesome=&#8221;fa fa-wpforms&#8221; add_icon=&#8221;true&#8221; title=&#8221;Llenar Solicitud Electr\u00f3nica&#8221; tab_id=&#8221;1496853085947-cbc1ddae-9ba8&#8243;][vc_column_text css_animation=&#8221;fadeIn&#8221;]<\/p>\n<ol>\n<li>Completa el formulario de solicitud de <a href=\"http:\/\/www.ijlt.edu.mx\/portal\/solicitud-de-admision\/\"><strong>preinscripci\u00f3n en l\u00ednea<\/strong><\/a><\/li>\n<li>Imprime el comprobante de preinscripci\u00f3n<\/li>\n<li>Entr\u00e9galo en las oficinas del IJLT<\/li>\n<\/ol>\n<p>[\/vc_column_text][\/vc_tta_section][vc_tta_section i_icon_fontawesome=&#8221;fa fa-user&#8221; add_icon=&#8221;true&#8221; title=&#8221;Entrevista Supervisora&#8221; tab_id=&#8221;1496853086026-433c0873-8ba3&#8243;][vc_column_text css_animation=&#8221;fadeIn&#8221;]<strong>Una vez recibida la solicitud le ser\u00e1 concedida una cita con la Supervisora Acad\u00e9mica para proporcionar lo siguiente:<\/strong><\/p>\n<ol>\n<li>Fecha para Examen de Admisi\u00f3n<\/li>\n<li>Resultado del Examen de Admisi\u00f3n<\/li>\n<li>Autorizaci\u00f3n de Inscripci\u00f3n<\/li>\n<\/ol>\n<p>[\/vc_column_text][\/vc_tta_section][vc_tta_section i_icon_fontawesome=&#8221;fa fa-check-square-o&#8221; add_icon=&#8221;true&#8221; title=&#8221;Examen Diagn\u00f3stico&#8221; tab_id=&#8221;1496853644461-bf52880c-c6ef&#8221;][vc_column_text]<strong>Presentar el Examen de Diagn\u00f3stico<\/strong> (El examen tiene un costo de $ 200.00 y deber\u00e1 ser pagado en la Coordinaci\u00f3n Administrativa, previo a su presentaci\u00f3n)[\/vc_column_text][\/vc_tta_section][vc_tta_section i_icon_fontawesome=&#8221;fa fa-trophy&#8221; add_icon=&#8221;true&#8221; title=&#8221;Finalizar la Admisi\u00f3n&#8221; tab_id=&#8221;1496853847052-546fd2d2-888b&#8221;][vc_column_text]<strong><em>Si realizaste los pasos anteriores y cuentas con la autorizaci\u00f3n de inscripci\u00f3n:<\/em><\/strong><\/p>\n<p>Entrega la documentaci\u00f3n correspondiente en el <strong>Departamento de Control Escolar<\/strong><\/p>\n<p><strong>PREESCOLAR:<\/strong><\/p>\n<ul>\n<li>Acta de nacimiento original y 2 copias<\/li>\n<li>CURP 1 copia<\/li>\n<li>6 Fotograf\u00edas tama\u00f1o infantil de frente con rostro despejado, B\/N en papel mate<\/li>\n<li>Cartilla de vacunaci\u00f3n (original y 2 copias)<\/li>\n<li>Certificado m\u00e9dico\u00a0(original y 2 copias)<\/li>\n<\/ul>\n<p><strong>PRIMARIA:<\/strong><\/p>\n<ul>\n<li>Acta de nacimiento original y 2 copias<\/li>\n<li>CURP 1 copia<\/li>\n<li>6 Fotograf\u00edas tama\u00f1o infantil de frente con rostro despejado, B\/N en papel mate<\/li>\n<li>Certificado de Preescolar\u00a0(original y 2 copias)<\/li>\n<li>Carta de Buena Conducta\u00a0(original y 2 copias)<\/li>\n<li>Boleta(s) anterior(es) del grado a cursar\u00a0(original y 2 copias)<\/li>\n<\/ul>\n<p><strong>SECUNDARIA:<\/strong><\/p>\n<ul>\n<li>Acta de nacimiento original y 2 copias<\/li>\n<li>CURP 1 copia<\/li>\n<li>6 Fotograf\u00edas tama\u00f1o infantil de frente rostro despejado, B\/N en papel mate<\/li>\n<li>Certificado de Primaria\u00a0(original y 2 copias)<\/li>\n<li>Carta de Buena Conducta\u00a0(original y 2 copias)<\/li>\n<li>Boleta(s) anterior(es) del grado a cursar.\u00a0(original y 2 copias)<\/li>\n<li>Constancia de Examen Extraordinario de Regularizaci\u00f3n (en caso de tener en la boleta alguna materia reprobada)\u00a0(original y 2 copias).<\/li>\n<\/ul>\n<p><strong>PREPARATORIA:<\/strong><\/p>\n<ul>\n<li>Acta de nacimiento original y 2 copias<\/li>\n<li>CURP 1 copia<\/li>\n<li>6 Fotograf\u00edas tama\u00f1o infantil de frente rostro despejado, B\/N en papel mate<\/li>\n<li>Certificado de Secundaria (original y 2 copias)<\/li>\n<li>Carta de Buena Conducta\u00a0(original y 2 copias)<\/li>\n<li>Boleta(s) anterior(es) del grado a cursar\u00a0(original y 2 copias)<\/li>\n<\/ul>\n<p><em>NOTA: EN EL CASO DE SECUNDARIA Y PREPARATORIA SER\u00c1 INDISPENSABLE PRESENTAR \u00c9STA SOLICITUD CON LA BOLETA PARCIAL DE LOS BIMESTRES CURSADOS<\/em><\/p>\n<p><strong>Solicita en la Coordinaci\u00f3n Administrativa las fichas de pago de inscripci\u00f3n.<\/strong><\/p>\n<p><strong>Realiza el Pago<\/strong><\/p>\n<p><strong>Si desea informaci\u00f3n adicional solicitar una cita a la Coordinaci\u00f3n Administrativa a los tel\u00e9fonos (833) 478 0080 al 89 en horario de 8:00 a 14:00 hrs, o solic\u00edtela enviando un correo a admisiones@ijlt.edu.mx<\/strong>[\/vc_column_text][\/vc_tta_section][\/vc_tta_tabs][\/vc_column][\/vc_row]<\/p>\n","protected":false},"excerpt":{"rendered":"<p>[vc_row][vc_column][vc_tta_tabs][vc_tta_section i_icon_fontawesome=&#8221;fa fa-wpforms&#8221; add_icon=&#8221;true&#8221; title=&#8221;Llenar Solicitud Electr\u00f3nica&#8221; tab_id=&#8221;1496853085947-cbc1ddae-9ba8&#8243;][vc_column_text css_animation=&#8221;fadeIn&#8221;] Completa el formulario de solicitud de preinscripci\u00f3n en l\u00ednea Imprime el comprobante de preinscripci\u00f3n Entr\u00e9galo en las<span class=\"excerpt-hellip\"> [\u2026]<\/span><\/p>\n","protected":false},"author":1,"featured_media":0,"parent":0,"menu_order":0,"comment_status":"closed","ping_status":"closed","template":"","meta":{"footnotes":"","_joinchat":[]},"yoast_head":"<!-- This site is optimized with the Yoast SEO plugin v21.9.1 - https:\/\/yoast.com\/wordpress\/plugins\/seo\/ -->\n<title>Proceso de Admisi\u00f3n - Instituto Juarez Lincoln de Tamaulipas<\/title>\n<meta name=\"robots\" content=\"index, follow, max-snippet:-1, max-image-preview:large, max-video-preview:-1\" \/>\n<link rel=\"canonical\" href=\"https:\/\/www.ijlt.edu.mx\/portal\/admision\/\" \/>\n<meta property=\"og:locale\" content=\"es_MX\" \/>\n<meta property=\"og:type\" content=\"article\" \/>\n<meta property=\"og:title\" content=\"Proceso de Admisi\u00f3n - Instituto Juarez Lincoln de Tamaulipas\" \/>\n<meta property=\"og:description\" content=\"[vc_row][vc_column][vc_tta_tabs][vc_tta_section i_icon_fontawesome=&#8221;fa fa-wpforms&#8221; add_icon=&#8221;true&#8221; title=&#8221;Llenar Solicitud Electr\u00f3nica&#8221; tab_id=&#8221;1496853085947-cbc1ddae-9ba8&#8243;][vc_column_text css_animation=&#8221;fadeIn&#8221;] Completa el formulario de solicitud de preinscripci\u00f3n en l\u00ednea Imprime el comprobante de preinscripci\u00f3n Entr\u00e9galo en las [\u2026]\" \/>\n<meta property=\"og:url\" content=\"https:\/\/www.ijlt.edu.mx\/portal\/admision\/\" \/>\n<meta property=\"og:site_name\" content=\"Instituto Juarez Lincoln de Tamaulipas\" \/>\n<meta property=\"article:publisher\" content=\"https:\/\/www.facebook.com\/ijltedu\" \/>\n<meta property=\"article:modified_time\" content=\"2017-12-07T02:24:36+00:00\" \/>\n<meta name=\"twitter:card\" content=\"summary_large_image\" \/>\n<meta name=\"twitter:label1\" content=\"Tiempo de lectura\" \/>\n\t<meta name=\"twitter:data1\" content=\"3 minutos\" \/>\n<script type=\"application\/ld+json\" class=\"yoast-schema-graph\">{\"@context\":\"https:\/\/schema.org\",\"@graph\":[{\"@type\":\"WebPage\",\"@id\":\"https:\/\/www.ijlt.edu.mx\/portal\/admision\/\",\"url\":\"https:\/\/www.ijlt.edu.mx\/portal\/admision\/\",\"name\":\"Proceso de Admisi\u00f3n - Instituto Juarez Lincoln de Tamaulipas\",\"isPartOf\":{\"@id\":\"https:\/\/www.ijlt.edu.mx\/portal\/#website\"},\"datePublished\":\"2017-06-07T16:33:12+00:00\",\"dateModified\":\"2017-12-07T02:24:36+00:00\",\"breadcrumb\":{\"@id\":\"https:\/\/www.ijlt.edu.mx\/portal\/admision\/#breadcrumb\"},\"inLanguage\":\"es-MX\",\"potentialAction\":[{\"@type\":\"ReadAction\",\"target\":[\"https:\/\/www.ijlt.edu.mx\/portal\/admision\/\"]}]},{\"@type\":\"BreadcrumbList\",\"@id\":\"https:\/\/www.ijlt.edu.mx\/portal\/admision\/#breadcrumb\",\"itemListElement\":[{\"@type\":\"ListItem\",\"position\":1,\"name\":\"Inicio\",\"item\":\"https:\/\/www.ijlt.edu.mx\/portal\/\"},{\"@type\":\"ListItem\",\"position\":2,\"name\":\"Proceso de Admisi\u00f3n\"}]},{\"@type\":\"WebSite\",\"@id\":\"https:\/\/www.ijlt.edu.mx\/portal\/#website\",\"url\":\"https:\/\/www.ijlt.edu.mx\/portal\/\",\"name\":\"Instituto Juarez Lincoln de Tamaulipas\",\"description\":\"Formando l\u00edderes del futuro\",\"publisher\":{\"@id\":\"https:\/\/www.ijlt.edu.mx\/portal\/#organization\"},\"potentialAction\":[{\"@type\":\"SearchAction\",\"target\":{\"@type\":\"EntryPoint\",\"urlTemplate\":\"https:\/\/www.ijlt.edu.mx\/portal\/?s={search_term_string}\"},\"query-input\":\"required name=search_term_string\"}],\"inLanguage\":\"es-MX\"},{\"@type\":\"Organization\",\"@id\":\"https:\/\/www.ijlt.edu.mx\/portal\/#organization\",\"name\":\"Instituto Juarez Lincoln de Tamaulipas\",\"url\":\"https:\/\/www.ijlt.edu.mx\/portal\/\",\"logo\":{\"@type\":\"ImageObject\",\"inLanguage\":\"es-MX\",\"@id\":\"https:\/\/www.ijlt.edu.mx\/portal\/#\/schema\/logo\/image\/\",\"url\":\"https:\/\/www.ijlt.edu.mx\/portal\/wp-content\/uploads\/2016\/12\/logo_ijlt_web2x.png\",\"contentUrl\":\"https:\/\/www.ijlt.edu.mx\/portal\/wp-content\/uploads\/2016\/12\/logo_ijlt_web2x.png\",\"width\":429,\"height\":120,\"caption\":\"Instituto Juarez Lincoln de Tamaulipas\"},\"image\":{\"@id\":\"https:\/\/www.ijlt.edu.mx\/portal\/#\/schema\/logo\/image\/\"},\"sameAs\":[\"https:\/\/www.facebook.com\/ijltedu\",\"https:\/\/www.instagram.com\/ijltedu\/?hl=es\"]}]}<\/script>\n<!-- \/ Yoast SEO plugin. -->","yoast_head_json":{"title":"Proceso de Admisi\u00f3n - Instituto Juarez Lincoln de Tamaulipas","robots":{"index":"index","follow":"follow","max-snippet":"max-snippet:-1","max-image-preview":"max-image-preview:large","max-video-preview":"max-video-preview:-1"},"canonical":"https:\/\/www.ijlt.edu.mx\/portal\/admision\/","og_locale":"es_MX","og_type":"article","og_title":"Proceso de Admisi\u00f3n - Instituto Juarez Lincoln de Tamaulipas","og_description":"[vc_row][vc_column][vc_tta_tabs][vc_tta_section i_icon_fontawesome=&#8221;fa fa-wpforms&#8221; add_icon=&#8221;true&#8221; title=&#8221;Llenar Solicitud Electr\u00f3nica&#8221; tab_id=&#8221;1496853085947-cbc1ddae-9ba8&#8243;][vc_column_text css_animation=&#8221;fadeIn&#8221;] Completa el formulario de solicitud de preinscripci\u00f3n en l\u00ednea Imprime el comprobante de preinscripci\u00f3n Entr\u00e9galo en las [\u2026]","og_url":"https:\/\/www.ijlt.edu.mx\/portal\/admision\/","og_site_name":"Instituto Juarez Lincoln de Tamaulipas","article_publisher":"https:\/\/www.facebook.com\/ijltedu","article_modified_time":"2017-12-07T02:24:36+00:00","twitter_card":"summary_large_image","twitter_misc":{"Tiempo de lectura":"3 minutos"},"schema":{"@context":"https:\/\/schema.org","@graph":[{"@type":"WebPage","@id":"https:\/\/www.ijlt.edu.mx\/portal\/admision\/","url":"https:\/\/www.ijlt.edu.mx\/portal\/admision\/","name":"Proceso de Admisi\u00f3n - Instituto Juarez Lincoln de Tamaulipas","isPartOf":{"@id":"https:\/\/www.ijlt.edu.mx\/portal\/#website"},"datePublished":"2017-06-07T16:33:12+00:00","dateModified":"2017-12-07T02:24:36+00:00","breadcrumb":{"@id":"https:\/\/www.ijlt.edu.mx\/portal\/admision\/#breadcrumb"},"inLanguage":"es-MX","potentialAction":[{"@type":"ReadAction","target":["https:\/\/www.ijlt.edu.mx\/portal\/admision\/"]}]},{"@type":"BreadcrumbList","@id":"https:\/\/www.ijlt.edu.mx\/portal\/admision\/#breadcrumb","itemListElement":[{"@type":"ListItem","position":1,"name":"Inicio","item":"https:\/\/www.ijlt.edu.mx\/portal\/"},{"@type":"ListItem","position":2,"name":"Proceso de Admisi\u00f3n"}]},{"@type":"WebSite","@id":"https:\/\/www.ijlt.edu.mx\/portal\/#website","url":"https:\/\/www.ijlt.edu.mx\/portal\/","name":"Instituto Juarez Lincoln de Tamaulipas","description":"Formando l\u00edderes del futuro","publisher":{"@id":"https:\/\/www.ijlt.edu.mx\/portal\/#organization"},"potentialAction":[{"@type":"SearchAction","target":{"@type":"EntryPoint","urlTemplate":"https:\/\/www.ijlt.edu.mx\/portal\/?s={search_term_string}"},"query-input":"required name=search_term_string"}],"inLanguage":"es-MX"},{"@type":"Organization","@id":"https:\/\/www.ijlt.edu.mx\/portal\/#organization","name":"Instituto Juarez Lincoln de Tamaulipas","url":"https:\/\/www.ijlt.edu.mx\/portal\/","logo":{"@type":"ImageObject","inLanguage":"es-MX","@id":"https:\/\/www.ijlt.edu.mx\/portal\/#\/schema\/logo\/image\/","url":"https:\/\/www.ijlt.edu.mx\/portal\/wp-content\/uploads\/2016\/12\/logo_ijlt_web2x.png","contentUrl":"https:\/\/www.ijlt.edu.mx\/portal\/wp-content\/uploads\/2016\/12\/logo_ijlt_web2x.png","width":429,"height":120,"caption":"Instituto Juarez Lincoln de Tamaulipas"},"image":{"@id":"https:\/\/www.ijlt.edu.mx\/portal\/#\/schema\/logo\/image\/"},"sameAs":["https:\/\/www.facebook.com\/ijltedu","https:\/\/www.instagram.com\/ijltedu\/?hl=es"]}]}},"_links":{"self":[{"href":"https:\/\/www.ijlt.edu.mx\/portal\/wp-json\/wp\/v2\/pages\/1511"}],"collection":[{"href":"https:\/\/www.ijlt.edu.mx\/portal\/wp-json\/wp\/v2\/pages"}],"about":[{"href":"https:\/\/www.ijlt.edu.mx\/portal\/wp-json\/wp\/v2\/types\/page"}],"author":[{"embeddable":true,"href":"https:\/\/www.ijlt.edu.mx\/portal\/wp-json\/wp\/v2\/users\/1"}],"replies":[{"embeddable":true,"href":"https:\/\/www.ijlt.edu.mx\/portal\/wp-json\/wp\/v2\/comments?post=1511"}],"version-history":[{"count":8,"href":"https:\/\/www.ijlt.edu.mx\/portal\/wp-json\/wp\/v2\/pages\/1511\/revisions"}],"predecessor-version":[{"id":1799,"href":"https:\/\/www.ijlt.edu.mx\/portal\/wp-json\/wp\/v2\/pages\/1511\/revisions\/1799"}],"wp:attachment":[{"href":"https:\/\/www.ijlt.edu.mx\/portal\/wp-json\/wp\/v2\/media?parent=1511"}],"curies":[{"name":"wp","href":"https:\/\/api.w.org\/{rel}","templated":true}]}}